{"id":13,"date":"2025-08-12T08:33:08","date_gmt":"2025-08-12T08:33:08","guid":{"rendered":"https:\/\/digitalnaturabiomimetica.org\/index.php\/hestia-front\/"},"modified":"2025-08-13T08:36:51","modified_gmt":"2025-08-13T08:36:51","slug":"hestia-front","status":"publish","type":"page","link":"https:\/\/digitalnaturabiomimetica.org\/","title":{"rendered":"P\u00e1gina de inicio"},"content":{"rendered":"\n<p class=\"has-text-align-center\"><strong>Historias que inspiran<\/strong><\/p>\n\n\n\n<p>Explora casos reales de impacto, desde comunidades empoderadas hasta ecosistemas regenerados, gracias a nuestras herramientas y enfoques.<\/p>\n\n\n\n<p class=\"has-text-align-center\"><em>\u00abLa naturaleza nos ense\u00f1a que cada peque\u00f1a acci\u00f3n tiene un gran impacto. En Digital Natura Biomim\u00e9tica, convertimos esas acciones en un movimiento global.\u00bb<\/em><\/p>\n","protected":false},"excerpt":{"rendered":"<p>Historias que inspiran Explora casos reales de impacto, desde comunidades empoderadas hasta ecosistemas regenerados, gracias a nuestras herramientas y enfoques. \u00abLa naturaleza nos ense\u00f1a que cada peque\u00f1a acci\u00f3n tiene un gran impacto. En Digital Natura Biomim\u00e9tica, convertimos esas acciones en un movimiento global.\u00bb<\/p>\n","protected":false},"author":1,"featured_media":0,"parent":0,"menu_order":0,"comment_status":"closed","ping_status":"closed","template":"","meta":{"footnotes":""},"class_list":["post-13","page","type-page","status-publish","hentry"],"_links":{"self":[{"href":"https:\/\/digitalnaturabiomimetica.org\/index.php\/wp-json\/wp\/v2\/pages\/13","targetHints":{"allow":["GET"]}}],"collection":[{"href":"https:\/\/digitalnaturabiomimetica.org\/index.php\/wp-json\/wp\/v2\/pages"}],"about":[{"href":"https:\/\/digitalnaturabiomimetica.org\/index.php\/wp-json\/wp\/v2\/types\/page"}],"author":[{"embeddable":true,"href":"https:\/\/digitalnaturabiomimetica.org\/index.php\/wp-json\/wp\/v2\/users\/1"}],"replies":[{"embeddable":true,"href":"https:\/\/digitalnaturabiomimetica.org\/index.php\/wp-json\/wp\/v2\/comments?post=13"}],"version-history":[{"count":2,"href":"https:\/\/digitalnaturabiomimetica.org\/index.php\/wp-json\/wp\/v2\/pages\/13\/revisions"}],"predecessor-version":[{"id":31,"href":"https:\/\/digitalnaturabiomimetica.org\/index.php\/wp-json\/wp\/v2\/pages\/13\/revisions\/31"}],"wp:attachment":[{"href":"https:\/\/digitalnaturabiomimetica.org\/index.php\/wp-json\/wp\/v2\/media?parent=13"}],"curies":[{"name":"wp","href":"https:\/\/api.w.org\/{rel}","templated":true}]}}